{"id":2,"date":"2023-09-01T18:29:01","date_gmt":"2023-09-01T18:29:01","guid":{"rendered":"https:\/\/tennisclub-altleiningen-ev.de\/?page_id=2"},"modified":"2023-10-09T14:55:56","modified_gmt":"2023-10-09T14:55:56","slug":"home","status":"publish","type":"page","link":"https:\/\/tennisclub-altleiningen-ev.de\/index.php\/home\/","title":{"rendered":"HOME"},"content":{"rendered":"\r\n<p><b>Zur Historie<br \/><br \/><\/b>Der Tennisclub wurde am 19.April 1986 in einer sehr gut besuchten\u00a0 Gr\u00fcndungsversammlung in der Gastst\u00e4tte des TuS Altleiningen gegr\u00fcndet. <br \/>Hier wurden Satzung und Beitragsordnung beschlossen, sowie die Wahl der F\u00fchrungsgremien vorgenommen. <br \/>Zum 1.Vorsitzenden wurde Lothar Scheffel gew\u00e4hlt. <br \/>Sein Stellvertreter war Bernhard Fingerle. Das Amt <br \/>des Schriftf\u00fchrers \u00fcbernahm Hildegard Wiedekind. <br \/>Zum Kassenwart wurde Johannes Ehard gew\u00e4hlt, der dieses Amt auch heute noch inne hat. <br \/>Die beschlossene Satzung wurde von den Gr\u00fcndungs-mitgliedern Lothar Scheffel, Harald Hock, Dr. Manfred Kracht, Hildegard Wiedekind, Bernhard Fingerle, Johannes Ehard und Wilhelm Rahn unterzeichnet.<br \/><br \/>Die Eintragung im Vereinsregister erfolgte am 30.9.1986 unter der Nr.: VR 376.<br \/>Bevor die M\u00f6glichkeit des Spielbetriebes in Altleiningen bestand, haben die Mitglieder teilweise ihrem Hobby auf einem angemieteten Platz beim Nachbarverein in Carlsberg gefr\u00f6nt. Nach langj\u00e4hrigen Problemen mit den zust\u00e4ndigen Beh\u00f6rden und Einw\u00e4nden von Anwohnern, konnte die Tennisanlage\u00a0 im Jahre 1998 endlich in Betrieb genommen werden.<\/p>\r\n<p><b><\/b><b>Beitragsordnung <\/b>(Auszug)<\/p>\r\n<p><i>Jahresbeitr\u00e4ge<\/i>:<\/p>\r\n<p>1. Familienmitglied 130,00 \u20ac<br \/>Fam.mitgl. ab 18. Jahre\u00a0 \u00a0 110,00 \u20ac <br \/>Familienbeitrag\u00a0 250,00 \u20ac<br \/>Passive Mitgliedschaft\u00a0 30,00 \u20ac<\/p>\r\n<p>Kinder und Jugendliche bis 14 Jahre\u00a0 \u00a0 \u00a0 beitragsfrei<br \/>Ab 15. Lebensjahr ohne eig. Einkommen\u00a0 \u00a050,00 \u20ac<\/p>\r\n<p><b>Vorstand<\/b><\/p>\r\n<p><b>Judith Anstett, 1. Vorsitzender<br \/><\/b>Telefon: 06356.91023<\/p>\r\n<p><b>Tiberiu Zeicu , 2. Vorsitzender<br \/><\/b>tzeicu@intersnack.de<\/p>\r\n<p style=\"text-align: left;\"><br \/><em>Impressum<\/em><br \/><em>Angaben gem\u00e4\u00df \u00a75 TMG<\/em><br \/><em>Judith Anstett<\/em><br \/><em>Zimmerbergstra\u00dfe 4a<\/em><br \/><em>67317 Altleiningen<\/em><br \/><em>E-Mail: judith.anstett@web.de<\/em><br \/><em>Eintragung in Vereinsregister; Nummer VR 367<br \/><br \/><\/em>Internetseite: Anna Blarr<br \/>https:\/\/annablarr.de<br \/><br \/><\/p>\r\n<p>&nbsp;<\/p>\r\n","protected":false},"excerpt":{"rendered":"<p>Zur Historie Der Tennisclub wurde am 19.April 1986 in einer sehr gut besuchten\u00a0 Gr\u00fcndungsversammlung in der Gastst\u00e4tte des TuS Altleiningen gegr\u00fcndet. Hier wurden Satzung und Beitragsordnung beschlossen, sowie die Wahl der F\u00fchrungsgremien vorgenommen. Zum 1.Vorsitzenden wurde Lothar Scheffel gew\u00e4hlt. Sein Stellvertreter war Bernhard Fingerle. Das Amt des Schriftf\u00fchrers \u00fcbernahm Hildegard Wiedekind. Zum Kassenwart wurde Johannes [&hellip;]<\/p>\n","protected":false},"author":1,"featured_media":28,"parent":0,"menu_order":0,"comment_status":"open","ping_status":"closed","template":"","meta":{"footnotes":""},"class_list":["post-2","page","type-page","status-publish","has-post-thumbnail","hentry"],"_links":{"self":[{"href":"https:\/\/tennisclub-altleiningen-ev.de\/index.php\/wp-json\/wp\/v2\/pages\/2","targetHints":{"allow":["GET"]}}],"collection":[{"href":"https:\/\/tennisclub-altleiningen-ev.de\/index.php\/wp-json\/wp\/v2\/pages"}],"about":[{"href":"https:\/\/tennisclub-altleiningen-ev.de\/index.php\/wp-json\/wp\/v2\/types\/page"}],"author":[{"embeddable":true,"href":"https:\/\/tennisclub-altleiningen-ev.de\/index.php\/wp-json\/wp\/v2\/users\/1"}],"replies":[{"embeddable":true,"href":"https:\/\/tennisclub-altleiningen-ev.de\/index.php\/wp-json\/wp\/v2\/comments?post=2"}],"version-history":[{"count":13,"href":"https:\/\/tennisclub-altleiningen-ev.de\/index.php\/wp-json\/wp\/v2\/pages\/2\/revisions"}],"predecessor-version":[{"id":77,"href":"https:\/\/tennisclub-altleiningen-ev.de\/index.php\/wp-json\/wp\/v2\/pages\/2\/revisions\/77"}],"wp:featuredmedia":[{"embeddable":true,"href":"https:\/\/tennisclub-altleiningen-ev.de\/index.php\/wp-json\/wp\/v2\/media\/28"}],"wp:attachment":[{"href":"https:\/\/tennisclub-altleiningen-ev.de\/index.php\/wp-json\/wp\/v2\/media?parent=2"}],"curies":[{"name":"wp","href":"https:\/\/api.w.org\/{rel}","templated":true}]}}